{"id":15500,"date":"2022-07-19T16:35:06","date_gmt":"2022-07-19T14:35:06","guid":{"rendered":"https:\/\/wp.fuso.meelogic.hosting\/?page_id=15500"},"modified":"2026-02-04T09:57:06","modified_gmt":"2026-02-04T08:57:06","slug":"ueber-fuso","status":"publish","type":"page","link":"https:\/\/www.fuso-trucks.com\/de\/ueber-fuso\/","title":{"rendered":"\u00dcber FUSO"},"content":{"rendered":"<div class=\"wpb-content-wrapper\"><p>[vc_row][vc_column][vc_column_text el_class=&#8220;bigger centered&#8220;]<\/p>\n<h2>ELEMENTARE BESTANDTEILE.<br \/>\nDAS EU-WERK UND DIE GESCHICHTE.<\/h2>\n<p>[\/vc_column_text][vc_empty_space height=&#8220;60px&#8220;]\n    <div class=\"wpb_content_element tiles fusoeurope-tiles\" ><div class=\"wpb_text_column\">\n            <ul class=\"tiles__list no_slick flex-2\">\n                <li class=\"wpb_content_element  bg--grey tiles__list__element\" ><div class=\"tiles__list__element__image\"><a href=\"https:\/\/www.fuso-trucks.com\/de\/ueber-fuso\/eu-werk\/\"><img decoding=\"async\" class=\"layout-cover\" src=\"https:\/\/www.fuso-trucks.com\/wp-content\/uploads\/sites\/2\/2022\/08\/ueber-fuso_MadeinEurope.jpg\" alt=\"\" \/><\/a><\/div><div class=\"tiles__list__element__text wpb_text_column\"><h3 class=\"tiles__list__element__subtitle\">MADE IN EUROPE.<br \/>\nDAS CANTER EU-WERK.<\/h3><div class=\"tiles__list__element__description\"><p>Mit dem Produktionsstart der aktuellen und neuesten Baureihe laufen seit Beginn des Jahres 2022 bereits acht Generationen des FUSO Canter bei Mitsubishi FUSO Truck Europe im portugiesischen Tramagal vom Band. Das rund 150 Kilometer nord\u00f6stlich von Lissabon gelegene Werk ist die zentrale Produktionsst\u00e4tte von FUSO in Europa und fertigt alle Canter und eCanter f\u00fcr den europ\u00e4ischen Markt.<\/p>\n<\/div>\n                <div class=\"tiles__list__element__link-container\">\n                    <a href=\"https:\/\/www.fuso-trucks.com\/de\/ueber-fuso\/eu-werk\/\" class=\"tiles__list__element__link\">MEHR ERFAHREN<\/a>\n                <\/div><\/div><\/li><li class=\"wpb_content_element  bg--grey tiles__list__element\" ><div class=\"tiles__list__element__image\"><a href=\"https:\/\/www.fuso-trucks.com\/de\/ueber-fuso\/geschichte\/\"><img decoding=\"async\" class=\"layout-cover\" src=\"https:\/\/www.fuso-trucks.com\/wp-content\/uploads\/sites\/2\/2022\/08\/ueber-fuso_erfolgsgeschichten.jpg\" alt=\"\" \/><\/a><\/div><div class=\"tiles__list__element__text wpb_text_column\"><h3 class=\"tiles__list__element__subtitle\">ERFOLGSGESCHICHTEN SCHREIBEN.<br \/>\nDIE MARKEN FUSO UND CANTER.<\/h3><div class=\"tiles__list__element__description\"><p>Die Marke FUSO ist ein elementarer Bestandteil der Daimler Truck AG und mit inzwischen neun Jahrzehnten Erfahrung als internationaler Lkw- und Bushersteller weit \u00fcber Japan hinaus bekannt. Der FUSO Canter spielt dabei bereits seit 1963 eine ma\u00dfgebliche Rolle. Nutzfahrzeuge mit den drei charakteristischen Diamanten auf dem K\u00fchlergrill machen \u00fcber ein Drittel des gesamten Verkaufsvolumens der Daimler Truck AG aus.<\/p>\n<\/div>\n                <div class=\"tiles__list__element__link-container\">\n                    <a href=\"https:\/\/www.fuso-trucks.com\/de\/ueber-fuso\/geschichte\/\" class=\"tiles__list__element__link\">MEHR ERFAHREN<\/a>\n                <\/div><\/div><\/li>\n            <\/ul>\n        <\/div>\n    <\/div>\n[\/vc_column][\/vc_row]<\/p>\n<\/div>","protected":false},"excerpt":{"rendered":"<\/p>\n","protected":false},"author":44,"featured_media":0,"parent":0,"menu_order":0,"comment_status":"closed","ping_status":"closed","template":"templates\/template-default-hero.php","meta":{"_acf_changed":false,"footnotes":""},"class_list":["post-15500","page","type-page","status-publish","hentry"],"acf":[],"yoast_head":"<!-- This site is optimized with the Yoast SEO plugin v27.4 - https:\/\/yoast.com\/product\/yoast-seo-wordpress\/ -->\n<title>\u00dcber FUSO<\/title>\n<meta name=\"description\" content=\"Das was FUSO ausmacht \u2713 Made in Europe \u2713 Marke FUSO \u2713 Alle Canter-Meilensteine \u2713 \u25b6\ufe0e Jetzt informieren!\" \/>\n<meta name=\"robots\" content=\"index, follow, max-snippet:-1, max-image-preview:large, max-video-preview:-1\" \/>\n<link rel=\"canonical\" href=\"https:\/\/www.fuso-trucks.com\/de\/ueber-fuso\/\" \/>\n<meta property=\"og:locale\" content=\"de_DE\" \/>\n<meta property=\"og:type\" content=\"article\" \/>\n<meta property=\"og:title\" content=\"\u00dcber FUSO\" \/>\n<meta property=\"og:description\" content=\"Das was FUSO ausmacht \u2713 Made in Europe \u2713 Marke FUSO \u2713 Alle Canter-Meilensteine \u2713 \u25b6\ufe0e Jetzt informieren!\" \/>\n<meta property=\"og:url\" content=\"https:\/\/www.fuso-trucks.com\/de\/ueber-fuso\/\" \/>\n<meta property=\"og:site_name\" content=\"FUSO Truck Europe\" \/>\n<meta property=\"article:modified_time\" content=\"2026-02-04T08:57:06+00:00\" \/>\n<meta name=\"twitter:card\" content=\"summary_large_image\" \/>\n<meta name=\"twitter:label1\" content=\"Gesch\u00e4tzte Lesezeit\" \/>\n\t<meta name=\"twitter:data1\" content=\"1\u00a0Minute\" \/>\n<script type=\"application\/ld+json\" class=\"yoast-schema-graph\">{\"@context\":\"https:\\\/\\\/schema.org\",\"@graph\":[{\"@type\":\"WebPage\",\"@id\":\"https:\\\/\\\/www.fuso-trucks.com\\\/de\\\/ueber-fuso\\\/\",\"url\":\"https:\\\/\\\/www.fuso-trucks.com\\\/de\\\/ueber-fuso\\\/\",\"name\":\"\u00dcber FUSO\",\"isPartOf\":{\"@id\":\"https:\\\/\\\/www.fuso-trucks.com\\\/de\\\/#website\"},\"datePublished\":\"2022-07-19T14:35:06+00:00\",\"dateModified\":\"2026-02-04T08:57:06+00:00\",\"description\":\"Das was FUSO ausmacht \u2713 Made in Europe \u2713 Marke FUSO \u2713 Alle Canter-Meilensteine \u2713 \u25b6\ufe0e Jetzt informieren!\",\"breadcrumb\":{\"@id\":\"https:\\\/\\\/www.fuso-trucks.com\\\/de\\\/ueber-fuso\\\/#breadcrumb\"},\"inLanguage\":\"de\",\"potentialAction\":[{\"@type\":\"ReadAction\",\"target\":[\"https:\\\/\\\/www.fuso-trucks.com\\\/de\\\/ueber-fuso\\\/\"]}]},{\"@type\":\"BreadcrumbList\",\"@id\":\"https:\\\/\\\/www.fuso-trucks.com\\\/de\\\/ueber-fuso\\\/#breadcrumb\",\"itemListElement\":[{\"@type\":\"ListItem\",\"position\":1,\"name\":\"Home\",\"item\":\"https:\\\/\\\/www.fuso-trucks.com\\\/de\\\/\"},{\"@type\":\"ListItem\",\"position\":2,\"name\":\"\u00dcber FUSO\"}]},{\"@type\":\"WebSite\",\"@id\":\"https:\\\/\\\/www.fuso-trucks.com\\\/de\\\/#website\",\"url\":\"https:\\\/\\\/www.fuso-trucks.com\\\/de\\\/\",\"name\":\"FUSO Trucks Europe\",\"description\":\"Mitsubishi Fuso Truck and Bus Corporation\",\"potentialAction\":[{\"@type\":\"SearchAction\",\"target\":{\"@type\":\"EntryPoint\",\"urlTemplate\":\"https:\\\/\\\/www.fuso-trucks.com\\\/de\\\/?s={search_term_string}\"},\"query-input\":{\"@type\":\"PropertyValueSpecification\",\"valueRequired\":true,\"valueName\":\"search_term_string\"}}],\"inLanguage\":\"de\"}]}<\/script>\n<!-- \/ Yoast SEO plugin. -->","yoast_head_json":{"title":"\u00dcber FUSO","description":"Das was FUSO ausmacht \u2713 Made in Europe \u2713 Marke FUSO \u2713 Alle Canter-Meilensteine \u2713 \u25b6\ufe0e Jetzt informieren!","robots":{"index":"index","follow":"follow","max-snippet":"max-snippet:-1","max-image-preview":"max-image-preview:large","max-video-preview":"max-video-preview:-1"},"canonical":"https:\/\/www.fuso-trucks.com\/de\/ueber-fuso\/","og_locale":"de_DE","og_type":"article","og_title":"\u00dcber FUSO","og_description":"Das was FUSO ausmacht \u2713 Made in Europe \u2713 Marke FUSO \u2713 Alle Canter-Meilensteine \u2713 \u25b6\ufe0e Jetzt informieren!","og_url":"https:\/\/www.fuso-trucks.com\/de\/ueber-fuso\/","og_site_name":"FUSO Truck Europe","article_modified_time":"2026-02-04T08:57:06+00:00","twitter_card":"summary_large_image","twitter_misc":{"Gesch\u00e4tzte Lesezeit":"1\u00a0Minute"},"schema":{"@context":"https:\/\/schema.org","@graph":[{"@type":"WebPage","@id":"https:\/\/www.fuso-trucks.com\/de\/ueber-fuso\/","url":"https:\/\/www.fuso-trucks.com\/de\/ueber-fuso\/","name":"\u00dcber FUSO","isPartOf":{"@id":"https:\/\/www.fuso-trucks.com\/de\/#website"},"datePublished":"2022-07-19T14:35:06+00:00","dateModified":"2026-02-04T08:57:06+00:00","description":"Das was FUSO ausmacht \u2713 Made in Europe \u2713 Marke FUSO \u2713 Alle Canter-Meilensteine \u2713 \u25b6\ufe0e Jetzt informieren!","breadcrumb":{"@id":"https:\/\/www.fuso-trucks.com\/de\/ueber-fuso\/#breadcrumb"},"inLanguage":"de","potentialAction":[{"@type":"ReadAction","target":["https:\/\/www.fuso-trucks.com\/de\/ueber-fuso\/"]}]},{"@type":"BreadcrumbList","@id":"https:\/\/www.fuso-trucks.com\/de\/ueber-fuso\/#breadcrumb","itemListElement":[{"@type":"ListItem","position":1,"name":"Home","item":"https:\/\/www.fuso-trucks.com\/de\/"},{"@type":"ListItem","position":2,"name":"\u00dcber FUSO"}]},{"@type":"WebSite","@id":"https:\/\/www.fuso-trucks.com\/de\/#website","url":"https:\/\/www.fuso-trucks.com\/de\/","name":"FUSO Trucks Europe","description":"Mitsubishi Fuso Truck and Bus Corporation","potentialAction":[{"@type":"SearchAction","target":{"@type":"EntryPoint","urlTemplate":"https:\/\/www.fuso-trucks.com\/de\/?s={search_term_string}"},"query-input":{"@type":"PropertyValueSpecification","valueRequired":true,"valueName":"search_term_string"}}],"inLanguage":"de"}]}},"_links":{"self":[{"href":"https:\/\/www.fuso-trucks.com\/de\/wp-json\/wp\/v2\/pages\/15500","targetHints":{"allow":["GET"]}}],"collection":[{"href":"https:\/\/www.fuso-trucks.com\/de\/wp-json\/wp\/v2\/pages"}],"about":[{"href":"https:\/\/www.fuso-trucks.com\/de\/wp-json\/wp\/v2\/types\/page"}],"author":[{"embeddable":true,"href":"https:\/\/www.fuso-trucks.com\/de\/wp-json\/wp\/v2\/users\/44"}],"replies":[{"embeddable":true,"href":"https:\/\/www.fuso-trucks.com\/de\/wp-json\/wp\/v2\/comments?post=15500"}],"version-history":[{"count":29,"href":"https:\/\/www.fuso-trucks.com\/de\/wp-json\/wp\/v2\/pages\/15500\/revisions"}],"predecessor-version":[{"id":19204,"href":"https:\/\/www.fuso-trucks.com\/de\/wp-json\/wp\/v2\/pages\/15500\/revisions\/19204"}],"wp:attachment":[{"href":"https:\/\/www.fuso-trucks.com\/de\/wp-json\/wp\/v2\/media?parent=15500"}],"curies":[{"name":"wp","href":"https:\/\/api.w.org\/{rel}","templated":true}]}}