{"id":12556,"date":"2022-02-10T09:24:27","date_gmt":"2022-02-10T08:24:27","guid":{"rendered":"https:\/\/wp.fuso.meelogic.hosting\/?page_id=12556"},"modified":"2026-04-01T14:44:12","modified_gmt":"2026-04-01T12:44:12","slug":"anbieter","status":"publish","type":"page","link":"https:\/\/www.fuso-trucks.com\/de\/anbieter\/","title":{"rendered":"Anbieter"},"content":{"rendered":"<div class=\"wpb-content-wrapper\"><p>[vc_row][vc_column][vc_column_text]<\/p>\n<h2>ANBIETER.<\/h2>\n<p>[\/vc_column_text][\/vc_column][\/vc_row][vc_row][vc_column width=&#8220;1\/2&#8243;]\n                <div class=\"fusoeurope-text-image wpb_content_element  item--image--top \" >\n                    <div class=\"item item--text wpb_text_column\">\n                        <p>Daimler Truck AG<br \/>\nFasanenweg 10<br \/>\n70771 Leinfelden-Echterdingen<br \/>\nTel.: +49 711-8485-0<\/p>\n<p>E-Mail:\u00a0<a href=\"mailto:contact@daimlertruck.com\">contact@daimlertruck.com<\/a><\/p>\n\n                    <\/div>\n                <\/div>[\/vc_column][vc_column width=&#8220;1\/2&#8243;]\n                <div class=\"fusoeurope-text-image wpb_content_element  item--image--top \" >\n                    <div class=\"item item--text wpb_text_column\">\n                        <p><b>Vertreten durch den Vorstand: <\/b>Karin R\u00e5dstr\u00f6m, Vorsitzende &amp; CEO; Andreas Gorbach, J\u00fcrgen Hartwig, John O\u2019Leary, Achim Puchert, Eva Scherer<\/p>\n<p><b>Vorsitzender des Aufsichtsrats:<\/b>\u00a0Joe Kaeser<\/p>\n<p>Handelsregister beim Amtsgericht Stuttgart, Nr. HRB\u00a076 28 84<br \/>\nUmsatzsteueridentifikationsnummer: DE 32 12 81 771<\/p>\n<p>&nbsp;<\/p>\n<p>&nbsp;<\/p>\n<div class=\"columns\">\n<div class=\"wb-content-columns \">\n<div class=\"wb-grid-area\">\n<div class=\"wb-grid-container wb-grid-container--fullwidth\">\n<div class=\"wb-grid-row wb-content-columns__width100\">\n<div class=\"wb-grid-col-mq1-12\">\n<div class=\"column-1 column container responsivegrid wb-content-columns--spacing-disabled\">\n<div id=\"container-8ac02d16dd\" class=\"cmp-container\">\n<div class=\"text wb-margin-top-s\">\n<div id=\"text-9ac1c7be3e\" class=\"cmp-text\" data-cmp-data-layer=\"{&quot;text-9ac1c7be3e&quot;:{&quot;@type&quot;:&quot;brandhub\/components\/text&quot;,&quot;repo:modifyDate&quot;:&quot;2024-12-20T11:33:02Z&quot;,&quot;xdm:text&quot;:&quot; &lt;p&gt;&lt;b&gt;Anbieter&lt;\/b&gt;&lt;br&gt;\\r\\nDaimler&amp;nbsp;Truck&amp;nbsp;AG&lt;br&gt;\\r\\nFasanenweg 10&lt;br&gt;\\r\\n70771 Leinfelden-Echterdingen&lt;br&gt;\\r\\nDeutschland&lt;br&gt;\\r\\nTelefon:&amp;nbsp;+49 711 8485 0&lt;br&gt;\\r\\nE-Mail:&amp;nbsp;&lt;a href=\\&quot;mailto:contact@daimlertruck.com\\&quot; title=\\&quot;Verkn\u00fcpfung folgen\\&quot;&gt;contact@daimlertruck.com&lt;\/a&gt;&lt;\/p&gt; &lt;p&gt;\\r\\n&lt;\/p&gt; &lt;p&gt;&lt;b&gt;Vertreten durch den Vorstand:&lt;\/b&gt;&lt;br&gt;\\r\\nKarin R\u00e5dstr\u00f6m (Vorsitzende), Karl Deppen, Andreas Gorbach, J\u00fcrgen Hartwig, John O\u2019Leary, Achim Puchert, Eva Scherer&lt;\/p&gt; &lt;p&gt;\\r\\n&lt;\/p&gt; &lt;p&gt;&lt;b&gt;Vorsitzender des Aufsichtsrats:&lt;\/b&gt;&lt;br&gt;\\r\\nJoe Kaeser&lt;\/p&gt; &lt;p&gt;\\r\\n&lt;\/p&gt; &lt;p&gt;Handelsregister beim Amtsgericht Stuttgart, Nr. HRB 762884&lt;br&gt;\\r\\nUmsatzsteueridentifikationsnummer: DE 32 12 81 771&lt;\/p&gt; &lt;p&gt;\\r\\n&lt;\/p&gt; &lt;p&gt;&lt;b&gt;Weitere auf dieser Seite ver\u00f6ffentlichende Unternehmen:&lt;\/b&gt;&lt;\/p&gt; &lt;p&gt;\\r\\n&lt;\/p&gt; &lt;p&gt;&lt;b&gt;Daimler Truck Financial Services Deutschland GmbH&lt;br&gt;\\r\\n &lt;\/b&gt;M\u00fchlenstra\u00dfe 30&lt;br&gt;\\r\\n10243 Berlin&lt;br&gt;\\r\\nDeutschland&lt;br&gt;\\r\\nTelefon: +49 30 3640669 0&lt;br&gt;\\r\\nE-Mail: &lt;a href=\\&quot;mailto:dtfsd-kundenservice@daimlertruck.com\\&quot;&gt;dtfsd-kundenservice@daimlertruck.com&lt;\/a&gt;&lt;\/p&gt; &lt;p&gt;\\r\\n&lt;\/p&gt; &lt;p&gt;&lt;b&gt;Gesch\u00e4ftsf\u00fchrung:&lt;\/b&gt; Dr. Florian Peterl, Jan Hundt&lt;\/p&gt; &lt;p&gt;\\r\\n&lt;\/p&gt; &lt;p&gt;Handelsregister beim Amtsgericht Charlottenburg, Nr. HRB 232662&lt;br&gt;\\r\\nUmsatzsteueridentifikationsnummer: DE 348 198 335&lt;\/p&gt; &lt;p&gt;\\r\\n&lt;\/p&gt; &lt;p&gt;&lt;b&gt;Aufsichtsbeh\u00f6rde&lt;\/b&gt;&lt;br&gt;\\r\\nBundesanstalt f\u00fcr Finanzdienstleistungsaufsicht&lt;br&gt;\\r\\nGraurheindorfer Str. 108&lt;br&gt;\\r\\n53117 Bonn&lt;\/p&gt; &lt;p&gt;\\r\\n&quot;}}\">\n<p><b>Weitere auf dieser Seite ver\u00f6ffentlichende Unternehmen:<\/b><\/p>\n<p><b>Daimler Truck Financial Services Deutschland GmbH<br \/>\n<\/b>M\u00fchlenstra\u00dfe 30<br \/>\n10243 Berlin<br \/>\nDeutschland<br \/>\nTelefon: +49 30 3640669 0<br \/>\nE-Mail: <a href=\"mailto:dtfsd-kundenservice@daimlertruck.com\">dtfsd-kundenservice@daimlertruck.com<\/a><\/p>\n<p><b>Gesch\u00e4ftsf\u00fchrung:<\/b> Christian Seidlitz, Jan Hundt<\/p>\n<p>Handelsregister beim Amtsgericht Charlottenburg, Nr. HRB 232662<br \/>\nUmsatzsteueridentifikationsnummer: DE 348 198 335<\/p>\n<p><b>Aufsichtsbeh\u00f6rde<\/b><br \/>\nBundesanstalt f\u00fcr Finanzdienstleistungsaufsicht<br \/>\nGraurheindorfer Str. 108<br \/>\n53117 Bonn<\/p>\n<\/div>\n<\/div>\n<\/div>\n<\/div>\n<\/div>\n<\/div>\n<\/div>\n<\/div>\n<\/div>\n<\/div>\n\n                    <\/div>\n                <\/div>[\/vc_column][\/vc_row]<\/p>\n<\/div>","protected":false},"excerpt":{"rendered":"<\/p>\n","protected":false},"author":44,"featured_media":0,"parent":0,"menu_order":8,"comment_status":"closed","ping_status":"closed","template":"templates\/template-default-hero.php","meta":{"_acf_changed":false,"footnotes":""},"class_list":["post-12556","page","type-page","status-publish","hentry"],"acf":[],"yoast_head":"<!-- This site is optimized with the Yoast SEO plugin v27.3 - https:\/\/yoast.com\/product\/yoast-seo-wordpress\/ -->\n<title>FUSO \u2013 Anbieter<\/title>\n<meta name=\"description\" content=\"INFORMATIONEN ZUM ANBIETER DER WEBSEITE\" \/>\n<meta name=\"robots\" content=\"noindex, follow\" \/>\n<meta property=\"og:locale\" content=\"de_DE\" \/>\n<meta property=\"og:type\" content=\"article\" \/>\n<meta property=\"og:title\" content=\"FUSO \u2013 Anbieter\" \/>\n<meta property=\"og:description\" content=\"INFORMATIONEN ZUM ANBIETER DER WEBSEITE\" \/>\n<meta property=\"og:url\" content=\"https:\/\/www.fuso-trucks.com\/de\/anbieter\/\" \/>\n<meta property=\"og:site_name\" content=\"FUSO Truck Europe\" \/>\n<meta property=\"article:modified_time\" content=\"2026-04-01T12:44:12+00:00\" \/>\n<meta name=\"twitter:card\" content=\"summary_large_image\" \/>\n<meta name=\"twitter:label1\" content=\"Gesch\u00e4tzte Lesezeit\" \/>\n\t<meta name=\"twitter:data1\" content=\"1\u00a0Minute\" \/>\n<script type=\"application\/ld+json\" class=\"yoast-schema-graph\">{\"@context\":\"https:\\\/\\\/schema.org\",\"@graph\":[{\"@type\":\"WebPage\",\"@id\":\"https:\\\/\\\/www.fuso-trucks.com\\\/de\\\/anbieter\\\/\",\"url\":\"https:\\\/\\\/www.fuso-trucks.com\\\/de\\\/anbieter\\\/\",\"name\":\"FUSO \u2013 Anbieter\",\"isPartOf\":{\"@id\":\"https:\\\/\\\/www.fuso-trucks.com\\\/de\\\/#website\"},\"datePublished\":\"2022-02-10T08:24:27+00:00\",\"dateModified\":\"2026-04-01T12:44:12+00:00\",\"description\":\"INFORMATIONEN ZUM ANBIETER DER WEBSEITE\",\"breadcrumb\":{\"@id\":\"https:\\\/\\\/www.fuso-trucks.com\\\/de\\\/anbieter\\\/#breadcrumb\"},\"inLanguage\":\"de\",\"potentialAction\":[{\"@type\":\"ReadAction\",\"target\":[\"https:\\\/\\\/www.fuso-trucks.com\\\/de\\\/anbieter\\\/\"]}]},{\"@type\":\"BreadcrumbList\",\"@id\":\"https:\\\/\\\/www.fuso-trucks.com\\\/de\\\/anbieter\\\/#breadcrumb\",\"itemListElement\":[{\"@type\":\"ListItem\",\"position\":1,\"name\":\"Home\",\"item\":\"https:\\\/\\\/www.fuso-trucks.com\\\/de\\\/\"},{\"@type\":\"ListItem\",\"position\":2,\"name\":\"Anbieter\"}]},{\"@type\":\"WebSite\",\"@id\":\"https:\\\/\\\/www.fuso-trucks.com\\\/de\\\/#website\",\"url\":\"https:\\\/\\\/www.fuso-trucks.com\\\/de\\\/\",\"name\":\"FUSO Trucks Europe\",\"description\":\"Mitsubishi Fuso Truck and Bus Corporation\",\"potentialAction\":[{\"@type\":\"SearchAction\",\"target\":{\"@type\":\"EntryPoint\",\"urlTemplate\":\"https:\\\/\\\/www.fuso-trucks.com\\\/de\\\/?s={search_term_string}\"},\"query-input\":{\"@type\":\"PropertyValueSpecification\",\"valueRequired\":true,\"valueName\":\"search_term_string\"}}],\"inLanguage\":\"de\"}]}<\/script>\n<!-- \/ Yoast SEO plugin. -->","yoast_head_json":{"title":"FUSO \u2013 Anbieter","description":"INFORMATIONEN ZUM ANBIETER DER WEBSEITE","robots":{"index":"noindex","follow":"follow"},"og_locale":"de_DE","og_type":"article","og_title":"FUSO \u2013 Anbieter","og_description":"INFORMATIONEN ZUM ANBIETER DER WEBSEITE","og_url":"https:\/\/www.fuso-trucks.com\/de\/anbieter\/","og_site_name":"FUSO Truck Europe","article_modified_time":"2026-04-01T12:44:12+00:00","twitter_card":"summary_large_image","twitter_misc":{"Gesch\u00e4tzte Lesezeit":"1\u00a0Minute"},"schema":{"@context":"https:\/\/schema.org","@graph":[{"@type":"WebPage","@id":"https:\/\/www.fuso-trucks.com\/de\/anbieter\/","url":"https:\/\/www.fuso-trucks.com\/de\/anbieter\/","name":"FUSO \u2013 Anbieter","isPartOf":{"@id":"https:\/\/www.fuso-trucks.com\/de\/#website"},"datePublished":"2022-02-10T08:24:27+00:00","dateModified":"2026-04-01T12:44:12+00:00","description":"INFORMATIONEN ZUM ANBIETER DER WEBSEITE","breadcrumb":{"@id":"https:\/\/www.fuso-trucks.com\/de\/anbieter\/#breadcrumb"},"inLanguage":"de","potentialAction":[{"@type":"ReadAction","target":["https:\/\/www.fuso-trucks.com\/de\/anbieter\/"]}]},{"@type":"BreadcrumbList","@id":"https:\/\/www.fuso-trucks.com\/de\/anbieter\/#breadcrumb","itemListElement":[{"@type":"ListItem","position":1,"name":"Home","item":"https:\/\/www.fuso-trucks.com\/de\/"},{"@type":"ListItem","position":2,"name":"Anbieter"}]},{"@type":"WebSite","@id":"https:\/\/www.fuso-trucks.com\/de\/#website","url":"https:\/\/www.fuso-trucks.com\/de\/","name":"FUSO Trucks Europe","description":"Mitsubishi Fuso Truck and Bus Corporation","potentialAction":[{"@type":"SearchAction","target":{"@type":"EntryPoint","urlTemplate":"https:\/\/www.fuso-trucks.com\/de\/?s={search_term_string}"},"query-input":{"@type":"PropertyValueSpecification","valueRequired":true,"valueName":"search_term_string"}}],"inLanguage":"de"}]}},"_links":{"self":[{"href":"https:\/\/www.fuso-trucks.com\/de\/wp-json\/wp\/v2\/pages\/12556","targetHints":{"allow":["GET"]}}],"collection":[{"href":"https:\/\/www.fuso-trucks.com\/de\/wp-json\/wp\/v2\/pages"}],"about":[{"href":"https:\/\/www.fuso-trucks.com\/de\/wp-json\/wp\/v2\/types\/page"}],"author":[{"embeddable":true,"href":"https:\/\/www.fuso-trucks.com\/de\/wp-json\/wp\/v2\/users\/44"}],"replies":[{"embeddable":true,"href":"https:\/\/www.fuso-trucks.com\/de\/wp-json\/wp\/v2\/comments?post=12556"}],"version-history":[{"count":21,"href":"https:\/\/www.fuso-trucks.com\/de\/wp-json\/wp\/v2\/pages\/12556\/revisions"}],"predecessor-version":[{"id":20910,"href":"https:\/\/www.fuso-trucks.com\/de\/wp-json\/wp\/v2\/pages\/12556\/revisions\/20910"}],"wp:attachment":[{"href":"https:\/\/www.fuso-trucks.com\/de\/wp-json\/wp\/v2\/media?parent=12556"}],"curies":[{"name":"wp","href":"https:\/\/api.w.org\/{rel}","templated":true}]}}