{"id":12472,"date":"2022-02-09T09:17:21","date_gmt":"2022-02-09T08:17:21","guid":{"rendered":"https:\/\/wp.fuso.meelogic.hosting\/?page_id=12472"},"modified":"2022-09-28T07:57:25","modified_gmt":"2022-09-28T05:57:25","slug":"versicherungen","status":"publish","type":"page","link":"https:\/\/www.fuso-trucks.com\/de\/dienstleistungen\/versicherungen\/","title":{"rendered":"Versicherung"},"content":{"rendered":"<div class=\"wpb-content-wrapper\"><p>[vc_row][vc_column][vc_column_text el_class=&#8220;bigger centered&#8220;]<\/p>\n<h2 style=\"text-align: center;\"><b>AUS GR\u00dcNDEN. DIE FUSO VERSICHERUNG.<\/b><\/h2>\n<p>[\/vc_column_text][\/vc_column][\/vc_row][vc_row][vc_column]\n                <div class=\"fusoeurope-text-image wpb_content_element  item--image--left \" >\n                    <div class=\"item item--image\">\n                        <img decoding=\"async\" class=\"layout-cover\" src=\"https:\/\/www.fuso-trucks.com\/wp-content\/uploads\/sites\/2\/2022\/09\/blog_genau_genommen.jpg\" alt=\"\" \/>\n                    <\/div>\n                    <div class=\"item item--text wpb_text_column\">\n                        <h3><b>MIT SICHERHEIT.<\/b><\/h3>\n<h3><b>FUSO IST F\u00dcR SEINE KUNDEN DA. <\/b><\/h3>\n<p>Diese Lkw-Versicherung\u00b9 ist eine sichere Sache \u2013 genau wie der FUSO Canter. In Zusammenarbeit mit der KRAVAG-LOGISTIC Versicherungs-AG bietet die Daimler Truck Financial Services Group faire Konditionen, umfassende Leistungen und eine Versicherungspr\u00e4mie, die von der individuelle Einsatzart des FUSO Canter abh\u00e4ngig ist.<\/p>\n<p>Folgende Nutzungsarten werden f\u00fcr die Pr\u00e4mienberechnung herangezogen: \u00b9<\/p>\n<ul>\n<li>Werkverkehr<\/li>\n<li>G\u00fcterverkehr<\/li>\n<\/ul>\n\n                    <\/div>\n                <\/div>[\/vc_column][\/vc_row][vc_row][vc_column]\n                <div class=\"fusoeurope-text-image wpb_content_element  item--image--right \" >\n                    <div class=\"item item--image\">\n                        <img decoding=\"async\" class=\"layout-cover\" src=\"https:\/\/www.fuso-trucks.com\/wp-content\/uploads\/sites\/2\/2022\/08\/branch_bg_variabel.jpg\" alt=\"\" \/>\n                    <\/div>\n                    <div class=\"item item--text wpb_text_column\">\n                        <h3><b>DIE VORTEILE:<\/b><\/h3>\n<ul>\n<li>Kunden profitieren bei Vertragsabschluss von ihrer aktuellen und verf\u00fcgbaren Schadensfreiheitsklasse (SF).<\/li>\n<li>Auch ohne eigene Schadensfreiheitsklasse attraktiv: Sondereinstufung bei Vertragsbeginn in die Schadensfreiheitsklasse 2 (SF 2).<\/li>\n<li>Im Schadenfall erleben Kunden Service in Premiumqualit\u00e4t bei der Reparatur durch ihre Vertragswerkstatt.<\/li>\n<\/ul>\n\n                    <\/div>\n                <\/div>[vc_column_text el_class=&#8220;footnote&#8220;]<\/p>\n<div class=\"acs-commons-resp-colctrl-row section\">\n<div class=\"showborderaroundrow-\">\n<p><i>\u00b9 Versicherer: KRAVAG-LOGISTIC Versicherungs-AG, vermittelt durch die Daimler Truck Financial Services Group. Es gelten die allgemeinen Versicherungsbedingungen. Gilt nicht f\u00fcr Mietfahrzeuge und Selbstfahrermietfahrzeuge.<\/i><\/p>\n<\/div>\n<\/div>\n<p>[\/vc_column_text][\/vc_column][\/vc_row][vc_row][vc_column]\n    <div class=\"wpb_content_element tiles fusoeurope-tiles\" ><div class=\"wpb_text_column\">\n            <ul class=\"tiles__list no_slick flex-2\">\n                <li class=\"wpb_content_element  bg--grey tiles__list__element\" ><div class=\"tiles__list__element__image\"><a href=\"https:\/\/www.fuso-trucks.com\/de\/dienstleistungen\/finanzierung\/\"><img decoding=\"async\" class=\"layout-cover\" src=\"https:\/\/www.fuso-trucks.com\/wp-content\/uploads\/sites\/2\/2022\/08\/dienst_finanzierung.jpg\" alt=\"\" \/><\/a><\/div><div class=\"tiles__list__element__text wpb_text_column\"><h3 class=\"tiles__list__element__subtitle\">GUTES GESCH\u00c4FT.<br \/>\nDIE FUSO FINANZIERUNGEN.<\/h3><div class=\"tiles__list__element__description\"><p>Die Daimler Truck Financial Services Group versteht die Bed\u00fcrfnisse ihrer Kunden und bietet f\u00fcr den FUSO Canter interessante Alternativen zum Barkauf an. Ausf\u00fchrliche Beratung zu den verschiedenen Finanzierungsprodukt-en und die Erstellung eines individuellen Angebots erhalten Kunden bei ihrem FUSO H\u00e4ndler.<\/p>\n<\/div>\n                <div class=\"tiles__list__element__link-container\">\n                    <a href=\"https:\/\/www.fuso-trucks.com\/de\/dienstleistungen\/finanzierung\/\" class=\"tiles__list__element__link\">MEHR ERFAHREN<\/a>\n                <\/div><\/div><\/li><li class=\"wpb_content_element  bg--grey tiles__list__element\" ><div class=\"tiles__list__element__image\"><a href=\"https:\/\/www.fuso-trucks.com\/de\/dienstleistungen\/leasing\/\"><img decoding=\"async\" class=\"layout-cover\" src=\"https:\/\/www.fuso-trucks.com\/wp-content\/uploads\/sites\/2\/2022\/08\/dienst_leasing.jpg\" alt=\"\" \/><\/a><\/div><div class=\"tiles__list__element__text wpb_text_column\"><h3 class=\"tiles__list__element__subtitle\">HALBE MIETE.<br \/>\nDAS FUSO LEASING.<\/h3><div class=\"tiles__list__element__description\"><p>F\u00fcr eine wirtschaftliche Anschaffung eines neuen FUSO Canter bietet die Daimler Truck Financial Services Group attraktive Leasingl\u00f6sungen an &#8211; perfekt zugeschnitten auf die Anforderungen des jeweiligen Kunden. Individuelle Leasingangebot nach Wunsch erhalten Kunden bei ihrem FUSO H\u00e4ndler.<\/p>\n<\/div>\n                <div class=\"tiles__list__element__link-container\">\n                    <a href=\"https:\/\/www.fuso-trucks.com\/de\/dienstleistungen\/leasing\/\" class=\"tiles__list__element__link\">MEHR ERFAHREN<\/a>\n                <\/div><\/div><\/li>\n            <\/ul>\n        <\/div>\n    <\/div>\n\n                <div class=\"fusoeurope-text-image wpb_content_element  item--image--top \" >\n                    <div class=\"item item--text wpb_text_column\">\n                        \n                    <\/div>\n                <\/div>[\/vc_column][\/vc_row]<\/p>\n<\/div>","protected":false},"excerpt":{"rendered":"<\/p>\n","protected":false},"author":41,"featured_media":0,"parent":11981,"menu_order":0,"comment_status":"closed","ping_status":"closed","template":"templates\/template-default-hero.php","meta":{"_acf_changed":false,"footnotes":""},"class_list":["post-12472","page","type-page","status-publish","hentry"],"acf":[],"yoast_head":"<!-- This site is optimized with the Yoast SEO plugin v27.4 - https:\/\/yoast.com\/product\/yoast-seo-wordpress\/ -->\n<title>FUSO \u2013 Versicherungen<\/title>\n<meta name=\"description\" content=\"Dienstleistungen von FUSO \u2713 FUSO Versicherung \u2713 Attraktive Angebote der Kravag Logistic Versicherung AG \u2713 \u25b6\ufe0e Jetzt unser flexible Versicherungen entdecken!\" \/>\n<meta name=\"robots\" content=\"index, follow, max-snippet:-1, max-image-preview:large, max-video-preview:-1\" \/>\n<link rel=\"canonical\" href=\"https:\/\/www.fuso-trucks.com\/de\/dienstleistungen\/versicherungen\/\" \/>\n<meta property=\"og:locale\" content=\"de_DE\" \/>\n<meta property=\"og:type\" content=\"article\" \/>\n<meta property=\"og:title\" content=\"FUSO \u2013 Versicherungen\" \/>\n<meta property=\"og:description\" content=\"Dienstleistungen von FUSO \u2713 FUSO Versicherung \u2713 Attraktive Angebote der Kravag Logistic Versicherung AG \u2713 \u25b6\ufe0e Jetzt unser flexible Versicherungen entdecken!\" \/>\n<meta property=\"og:url\" content=\"https:\/\/www.fuso-trucks.com\/de\/dienstleistungen\/versicherungen\/\" \/>\n<meta property=\"og:site_name\" content=\"FUSO Truck Europe\" \/>\n<meta property=\"article:modified_time\" content=\"2022-09-28T05:57:25+00:00\" \/>\n<meta name=\"twitter:card\" content=\"summary_large_image\" \/>\n<meta name=\"twitter:label1\" content=\"Gesch\u00e4tzte Lesezeit\" \/>\n\t<meta name=\"twitter:data1\" content=\"2\u00a0Minuten\" \/>\n<script type=\"application\/ld+json\" class=\"yoast-schema-graph\">{\"@context\":\"https:\\\/\\\/schema.org\",\"@graph\":[{\"@type\":\"WebPage\",\"@id\":\"https:\\\/\\\/www.fuso-trucks.com\\\/de\\\/dienstleistungen\\\/versicherungen\\\/\",\"url\":\"https:\\\/\\\/www.fuso-trucks.com\\\/de\\\/dienstleistungen\\\/versicherungen\\\/\",\"name\":\"FUSO \u2013 Versicherungen\",\"isPartOf\":{\"@id\":\"https:\\\/\\\/www.fuso-trucks.com\\\/de\\\/#website\"},\"datePublished\":\"2022-02-09T08:17:21+00:00\",\"dateModified\":\"2022-09-28T05:57:25+00:00\",\"description\":\"Dienstleistungen von FUSO \u2713 FUSO Versicherung \u2713 Attraktive Angebote der Kravag Logistic Versicherung AG \u2713 \u25b6\ufe0e Jetzt unser flexible Versicherungen entdecken!\",\"breadcrumb\":{\"@id\":\"https:\\\/\\\/www.fuso-trucks.com\\\/de\\\/dienstleistungen\\\/versicherungen\\\/#breadcrumb\"},\"inLanguage\":\"de\",\"potentialAction\":[{\"@type\":\"ReadAction\",\"target\":[\"https:\\\/\\\/www.fuso-trucks.com\\\/de\\\/dienstleistungen\\\/versicherungen\\\/\"]}]},{\"@type\":\"BreadcrumbList\",\"@id\":\"https:\\\/\\\/www.fuso-trucks.com\\\/de\\\/dienstleistungen\\\/versicherungen\\\/#breadcrumb\",\"itemListElement\":[{\"@type\":\"ListItem\",\"position\":1,\"name\":\"Home\",\"item\":\"https:\\\/\\\/www.fuso-trucks.com\\\/de\\\/\"},{\"@type\":\"ListItem\",\"position\":2,\"name\":\"Dienstleistungen\",\"item\":\"https:\\\/\\\/www.fuso-trucks.com\\\/de\\\/dienstleistungen\\\/\"},{\"@type\":\"ListItem\",\"position\":3,\"name\":\"Versicherung\"}]},{\"@type\":\"WebSite\",\"@id\":\"https:\\\/\\\/www.fuso-trucks.com\\\/de\\\/#website\",\"url\":\"https:\\\/\\\/www.fuso-trucks.com\\\/de\\\/\",\"name\":\"FUSO Trucks Europe\",\"description\":\"Mitsubishi Fuso Truck and Bus Corporation\",\"potentialAction\":[{\"@type\":\"SearchAction\",\"target\":{\"@type\":\"EntryPoint\",\"urlTemplate\":\"https:\\\/\\\/www.fuso-trucks.com\\\/de\\\/?s={search_term_string}\"},\"query-input\":{\"@type\":\"PropertyValueSpecification\",\"valueRequired\":true,\"valueName\":\"search_term_string\"}}],\"inLanguage\":\"de\"}]}<\/script>\n<!-- \/ Yoast SEO plugin. -->","yoast_head_json":{"title":"FUSO \u2013 Versicherungen","description":"Dienstleistungen von FUSO \u2713 FUSO Versicherung \u2713 Attraktive Angebote der Kravag Logistic Versicherung AG \u2713 \u25b6\ufe0e Jetzt unser flexible Versicherungen entdecken!","robots":{"index":"index","follow":"follow","max-snippet":"max-snippet:-1","max-image-preview":"max-image-preview:large","max-video-preview":"max-video-preview:-1"},"canonical":"https:\/\/www.fuso-trucks.com\/de\/dienstleistungen\/versicherungen\/","og_locale":"de_DE","og_type":"article","og_title":"FUSO \u2013 Versicherungen","og_description":"Dienstleistungen von FUSO \u2713 FUSO Versicherung \u2713 Attraktive Angebote der Kravag Logistic Versicherung AG \u2713 \u25b6\ufe0e Jetzt unser flexible Versicherungen entdecken!","og_url":"https:\/\/www.fuso-trucks.com\/de\/dienstleistungen\/versicherungen\/","og_site_name":"FUSO Truck Europe","article_modified_time":"2022-09-28T05:57:25+00:00","twitter_card":"summary_large_image","twitter_misc":{"Gesch\u00e4tzte Lesezeit":"2\u00a0Minuten"},"schema":{"@context":"https:\/\/schema.org","@graph":[{"@type":"WebPage","@id":"https:\/\/www.fuso-trucks.com\/de\/dienstleistungen\/versicherungen\/","url":"https:\/\/www.fuso-trucks.com\/de\/dienstleistungen\/versicherungen\/","name":"FUSO \u2013 Versicherungen","isPartOf":{"@id":"https:\/\/www.fuso-trucks.com\/de\/#website"},"datePublished":"2022-02-09T08:17:21+00:00","dateModified":"2022-09-28T05:57:25+00:00","description":"Dienstleistungen von FUSO \u2713 FUSO Versicherung \u2713 Attraktive Angebote der Kravag Logistic Versicherung AG \u2713 \u25b6\ufe0e Jetzt unser flexible Versicherungen entdecken!","breadcrumb":{"@id":"https:\/\/www.fuso-trucks.com\/de\/dienstleistungen\/versicherungen\/#breadcrumb"},"inLanguage":"de","potentialAction":[{"@type":"ReadAction","target":["https:\/\/www.fuso-trucks.com\/de\/dienstleistungen\/versicherungen\/"]}]},{"@type":"BreadcrumbList","@id":"https:\/\/www.fuso-trucks.com\/de\/dienstleistungen\/versicherungen\/#breadcrumb","itemListElement":[{"@type":"ListItem","position":1,"name":"Home","item":"https:\/\/www.fuso-trucks.com\/de\/"},{"@type":"ListItem","position":2,"name":"Dienstleistungen","item":"https:\/\/www.fuso-trucks.com\/de\/dienstleistungen\/"},{"@type":"ListItem","position":3,"name":"Versicherung"}]},{"@type":"WebSite","@id":"https:\/\/www.fuso-trucks.com\/de\/#website","url":"https:\/\/www.fuso-trucks.com\/de\/","name":"FUSO Trucks Europe","description":"Mitsubishi Fuso Truck and Bus Corporation","potentialAction":[{"@type":"SearchAction","target":{"@type":"EntryPoint","urlTemplate":"https:\/\/www.fuso-trucks.com\/de\/?s={search_term_string}"},"query-input":{"@type":"PropertyValueSpecification","valueRequired":true,"valueName":"search_term_string"}}],"inLanguage":"de"}]}},"_links":{"self":[{"href":"https:\/\/www.fuso-trucks.com\/de\/wp-json\/wp\/v2\/pages\/12472","targetHints":{"allow":["GET"]}}],"collection":[{"href":"https:\/\/www.fuso-trucks.com\/de\/wp-json\/wp\/v2\/pages"}],"about":[{"href":"https:\/\/www.fuso-trucks.com\/de\/wp-json\/wp\/v2\/types\/page"}],"author":[{"embeddable":true,"href":"https:\/\/www.fuso-trucks.com\/de\/wp-json\/wp\/v2\/users\/41"}],"replies":[{"embeddable":true,"href":"https:\/\/www.fuso-trucks.com\/de\/wp-json\/wp\/v2\/comments?post=12472"}],"version-history":[{"count":43,"href":"https:\/\/www.fuso-trucks.com\/de\/wp-json\/wp\/v2\/pages\/12472\/revisions"}],"predecessor-version":[{"id":19619,"href":"https:\/\/www.fuso-trucks.com\/de\/wp-json\/wp\/v2\/pages\/12472\/revisions\/19619"}],"up":[{"embeddable":true,"href":"https:\/\/www.fuso-trucks.com\/de\/wp-json\/wp\/v2\/pages\/11981"}],"wp:attachment":[{"href":"https:\/\/www.fuso-trucks.com\/de\/wp-json\/wp\/v2\/media?parent=12472"}],"curies":[{"name":"wp","href":"https:\/\/api.w.org\/{rel}","templated":true}]}}