{"id":11987,"date":"2022-01-31T10:52:38","date_gmt":"2022-01-31T09:52:38","guid":{"rendered":"https:\/\/wp.fuso.meelogic.hosting\/?page_id=11987"},"modified":"2023-01-20T15:50:05","modified_gmt":"2023-01-20T14:50:05","slug":"teile-zubehoer","status":"publish","type":"page","link":"https:\/\/www.fuso-trucks.com\/de\/teile-zubehoer\/","title":{"rendered":"Teile &amp; Zubeh\u00f6r"},"content":{"rendered":"<div class=\"wpb-content-wrapper\"><p>[vc_row][vc_column]\n                <div class=\"fusoeurope-text-image wpb_content_element  item--image--top  bigger centered\" >\n                    <div class=\"item item--text wpb_text_column\">\n                        <h2 style=\"text-align: center\">ZUVERL\u00c4SSIGE QUALIT\u00c4T. DIE CANTER TEILE.<\/h2>\n\n                    <\/div>\n                <\/div>[vc_column_text]<\/p>\n<h2>ERSATZTEILE<\/h2>\n<p>[\/vc_column_text]\n    <div class=\"wpb_content_element tiles fusoeurope-tiles\" ><div class=\"wpb_text_column\">\n            <ul class=\"tiles__list no_slick flex-3\">\n                <li class=\"wpb_content_element   tiles__list__element\" ><div class=\"tiles__list__element__image\"><a href=\"https:\/\/www.fuso-trucks.com\/de\/teile-zubehoer\/fuso-originalteile\/\"><img decoding=\"async\" class=\"layout-cover\" src=\"https:\/\/www.fuso-trucks.com\/wp-content\/uploads\/sites\/2\/2022\/02\/original-teile-hero-1400x933.jpg\" alt=\"\" \/><\/a><\/div><div class=\"tiles__list__element__text wpb_text_column\"><h3 class=\"tiles__list__element__subtitle\">HOHE ANSPR\u00dcCHE.<br \/>\nDIE FUSO ORIGINALTEILE.<\/h3><div class=\"tiles__list__element__description\"><p>FUSO Originalteile stehen f\u00fcr umfassende Entwicklungserfahrung. Sie werden aus ausgew\u00e4hlten Werkstoffen pr\u00e4zise gefertigt und sind dar\u00fcber hinaus auf die Anforderungen aller Fahrzeugfunktionen abgestimmt. Die Verwendung von FUSO Originalteilen garantiert Servicequalit\u00e4t bis ins kleinste Detail. Diese Qualit\u00e4t macht sich bezahlt und tr\u00e4gt zur Sicherheit und Wirtschaftlichkeit des Canter bei.<\/p>\n<\/div>\n                <div class=\"tiles__list__element__link-container\">\n                    <a href=\"https:\/\/www.fuso-trucks.com\/de\/teile-zubehoer\/fuso-originalteile\/\" class=\"tiles__list__element__link\">MEHR ERFAHREN<\/a>\n                <\/div><\/div><\/li><li class=\"wpb_content_element   tiles__list__element\" ><div class=\"tiles__list__element__image\"><a href=\"https:\/\/www.fuso-trucks.com\/de\/teile-zubehoer\/fuso-value-parts\/\"><img decoding=\"async\" class=\"layout-cover\" src=\"https:\/\/www.fuso-trucks.com\/wp-content\/uploads\/sites\/2\/2022\/02\/FVP_picture_black.jpg\" alt=\"\" \/><\/a><\/div><div class=\"tiles__list__element__text wpb_text_column\"><h3 class=\"tiles__list__element__subtitle\">G\u00dcNSTIGE PREISE.<br \/>\nDIE FUSO VALUE PARTS.<\/h3><div class=\"tiles__list__element__description\"><p>Mit Ersatzteilen von FUSO Value Parts (FVP), der zweiten Teilemarke von FUSO, erhalten Kunden hochwertige Originalprodukte mit FUSO-Garantie zu deutlich g\u00fcnstigeren Preisen. Sie bieten dank bestem Preis-Leistungs-Verh\u00e4ltnis zum Beispiel die ideale L\u00f6sung f\u00fcr die Canter, deren Garantiezeitraum abgelaufen ist. Wenn qualitativ hochwertige Ersatzteile zu erschwinglichen Preisen gefragt sind, sind FUSO Value Parts die richtige Wahl.<\/p>\n<\/div>\n                <div class=\"tiles__list__element__link-container\">\n                    <a href=\"https:\/\/www.fuso-trucks.com\/de\/teile-zubehoer\/fuso-value-parts\/\" class=\"tiles__list__element__link\">MEHR ERFAHREN<\/a>\n                <\/div><\/div><\/li><li class=\"wpb_content_element   tiles__list__element\" ><div class=\"tiles__list__element__image\"><a href=\"https:\/\/www.fuso-trucks.com\/de\/teile-zubehoer\/originalzubehoer-canter-tfi\/\"><img decoding=\"async\" class=\"layout-cover\" src=\"https:\/\/www.fuso-trucks.com\/wp-content\/uploads\/sites\/2\/2022\/02\/D613944-1400x933.jpg\" alt=\"\" \/><\/a><\/div><div class=\"tiles__list__element__text wpb_text_column\"><h3 class=\"tiles__list__element__subtitle\">INDIVIDUELLE W\u00dcNSCHE.<br \/>\nDAS CANTER ZUBEH\u00d6R.<\/h3><div class=\"tiles__list__element__description\"><p>FUSO Originalzubeh\u00f6r f\u00fcr den Canter bietet eine Vielzahl von zus\u00e4tzlichen Ausstattungsm\u00f6glichkeiten f\u00fcr noch mehr Komfort, noch mehr Sicherheit und ein gesteigertes Fahrvergn\u00fcgen. Individuell und ganz nach den W\u00fcnschen und Anspr\u00fcchen des Kunden. Speziell das Originalzubeh\u00f6r und die Nachr\u00fcstl\u00f6sungen f\u00fcr den Canter TF tragen dazu bei, das Erscheinungsbild, den Fahrkomfort und die Funktionalit\u00e4t noch weiter zu verbessern.<\/p>\n<\/div>\n                <div class=\"tiles__list__element__link-container\">\n                    <a href=\"https:\/\/www.fuso-trucks.com\/de\/teile-zubehoer\/originalzubehoer-canter-tfi\/\" class=\"tiles__list__element__link\">MEHR ERFAHREN<\/a>\n                <\/div><\/div><\/li>\n            <\/ul>\n        <\/div>\n    <\/div>\n[\/vc_column][vc_column][\/vc_column][\/vc_row]<\/p>\n<\/div>","protected":false},"excerpt":{"rendered":"<\/p>\n","protected":false},"author":44,"featured_media":0,"parent":0,"menu_order":0,"comment_status":"closed","ping_status":"closed","template":"templates\/template-default-hero.php","meta":{"_acf_changed":false,"footnotes":""},"class_list":["post-11987","page","type-page","status-publish","hentry"],"acf":[],"yoast_head":"<!-- This site is optimized with the Yoast SEO plugin v27.4 - https:\/\/yoast.com\/product\/yoast-seo-wordpress\/ -->\n<title>FUSO \u2013 Teile &amp; Zubeh\u00f6r<\/title>\n<meta name=\"description\" content=\"FUSO Original Ersatzteile \u2713 FUSO Value Parts \u2713 FUSO Originalzubeh\u00f6r \u2713 F\u00fcr Canter &amp; eCanter \u2713 Hier mehr erfahren \u2713\" \/>\n<meta name=\"robots\" content=\"index, follow, max-snippet:-1, max-image-preview:large, max-video-preview:-1\" \/>\n<link rel=\"canonical\" href=\"https:\/\/www.fuso-trucks.com\/de\/teile-zubehoer\/\" \/>\n<meta property=\"og:locale\" content=\"de_DE\" \/>\n<meta property=\"og:type\" content=\"article\" \/>\n<meta property=\"og:title\" content=\"FUSO \u2013 Teile &amp; Zubeh\u00f6r\" \/>\n<meta property=\"og:description\" content=\"FUSO Original Ersatzteile \u2713 FUSO Value Parts \u2713 FUSO Originalzubeh\u00f6r \u2713 F\u00fcr Canter &amp; eCanter \u2713 Hier mehr erfahren \u2713\" \/>\n<meta property=\"og:url\" content=\"https:\/\/www.fuso-trucks.com\/de\/teile-zubehoer\/\" \/>\n<meta property=\"og:site_name\" content=\"FUSO Truck Europe\" \/>\n<meta property=\"article:modified_time\" content=\"2023-01-20T14:50:05+00:00\" \/>\n<meta name=\"twitter:card\" content=\"summary_large_image\" \/>\n<meta name=\"twitter:label1\" content=\"Gesch\u00e4tzte Lesezeit\" \/>\n\t<meta name=\"twitter:data1\" content=\"3\u00a0Minuten\" \/>\n<script type=\"application\/ld+json\" class=\"yoast-schema-graph\">{\"@context\":\"https:\\\/\\\/schema.org\",\"@graph\":[{\"@type\":\"WebPage\",\"@id\":\"https:\\\/\\\/www.fuso-trucks.com\\\/de\\\/teile-zubehoer\\\/\",\"url\":\"https:\\\/\\\/www.fuso-trucks.com\\\/de\\\/teile-zubehoer\\\/\",\"name\":\"FUSO \u2013 Teile & Zubeh\u00f6r\",\"isPartOf\":{\"@id\":\"https:\\\/\\\/www.fuso-trucks.com\\\/de\\\/#website\"},\"datePublished\":\"2022-01-31T09:52:38+00:00\",\"dateModified\":\"2023-01-20T14:50:05+00:00\",\"description\":\"FUSO Original Ersatzteile \u2713 FUSO Value Parts \u2713 FUSO Originalzubeh\u00f6r \u2713 F\u00fcr Canter & eCanter \u2713 Hier mehr erfahren \u2713\",\"breadcrumb\":{\"@id\":\"https:\\\/\\\/www.fuso-trucks.com\\\/de\\\/teile-zubehoer\\\/#breadcrumb\"},\"inLanguage\":\"de\",\"potentialAction\":[{\"@type\":\"ReadAction\",\"target\":[\"https:\\\/\\\/www.fuso-trucks.com\\\/de\\\/teile-zubehoer\\\/\"]}]},{\"@type\":\"BreadcrumbList\",\"@id\":\"https:\\\/\\\/www.fuso-trucks.com\\\/de\\\/teile-zubehoer\\\/#breadcrumb\",\"itemListElement\":[{\"@type\":\"ListItem\",\"position\":1,\"name\":\"Home\",\"item\":\"https:\\\/\\\/www.fuso-trucks.com\\\/de\\\/\"},{\"@type\":\"ListItem\",\"position\":2,\"name\":\"Teile &amp; Zubeh\u00f6r\"}]},{\"@type\":\"WebSite\",\"@id\":\"https:\\\/\\\/www.fuso-trucks.com\\\/de\\\/#website\",\"url\":\"https:\\\/\\\/www.fuso-trucks.com\\\/de\\\/\",\"name\":\"FUSO Trucks Europe\",\"description\":\"Mitsubishi Fuso Truck and Bus Corporation\",\"potentialAction\":[{\"@type\":\"SearchAction\",\"target\":{\"@type\":\"EntryPoint\",\"urlTemplate\":\"https:\\\/\\\/www.fuso-trucks.com\\\/de\\\/?s={search_term_string}\"},\"query-input\":{\"@type\":\"PropertyValueSpecification\",\"valueRequired\":true,\"valueName\":\"search_term_string\"}}],\"inLanguage\":\"de\"}]}<\/script>\n<!-- \/ Yoast SEO plugin. -->","yoast_head_json":{"title":"FUSO \u2013 Teile & Zubeh\u00f6r","description":"FUSO Original Ersatzteile \u2713 FUSO Value Parts \u2713 FUSO Originalzubeh\u00f6r \u2713 F\u00fcr Canter & eCanter \u2713 Hier mehr erfahren \u2713","robots":{"index":"index","follow":"follow","max-snippet":"max-snippet:-1","max-image-preview":"max-image-preview:large","max-video-preview":"max-video-preview:-1"},"canonical":"https:\/\/www.fuso-trucks.com\/de\/teile-zubehoer\/","og_locale":"de_DE","og_type":"article","og_title":"FUSO \u2013 Teile & Zubeh\u00f6r","og_description":"FUSO Original Ersatzteile \u2713 FUSO Value Parts \u2713 FUSO Originalzubeh\u00f6r \u2713 F\u00fcr Canter & eCanter \u2713 Hier mehr erfahren \u2713","og_url":"https:\/\/www.fuso-trucks.com\/de\/teile-zubehoer\/","og_site_name":"FUSO Truck Europe","article_modified_time":"2023-01-20T14:50:05+00:00","twitter_card":"summary_large_image","twitter_misc":{"Gesch\u00e4tzte Lesezeit":"3\u00a0Minuten"},"schema":{"@context":"https:\/\/schema.org","@graph":[{"@type":"WebPage","@id":"https:\/\/www.fuso-trucks.com\/de\/teile-zubehoer\/","url":"https:\/\/www.fuso-trucks.com\/de\/teile-zubehoer\/","name":"FUSO \u2013 Teile & Zubeh\u00f6r","isPartOf":{"@id":"https:\/\/www.fuso-trucks.com\/de\/#website"},"datePublished":"2022-01-31T09:52:38+00:00","dateModified":"2023-01-20T14:50:05+00:00","description":"FUSO Original Ersatzteile \u2713 FUSO Value Parts \u2713 FUSO Originalzubeh\u00f6r \u2713 F\u00fcr Canter & eCanter \u2713 Hier mehr erfahren \u2713","breadcrumb":{"@id":"https:\/\/www.fuso-trucks.com\/de\/teile-zubehoer\/#breadcrumb"},"inLanguage":"de","potentialAction":[{"@type":"ReadAction","target":["https:\/\/www.fuso-trucks.com\/de\/teile-zubehoer\/"]}]},{"@type":"BreadcrumbList","@id":"https:\/\/www.fuso-trucks.com\/de\/teile-zubehoer\/#breadcrumb","itemListElement":[{"@type":"ListItem","position":1,"name":"Home","item":"https:\/\/www.fuso-trucks.com\/de\/"},{"@type":"ListItem","position":2,"name":"Teile &amp; Zubeh\u00f6r"}]},{"@type":"WebSite","@id":"https:\/\/www.fuso-trucks.com\/de\/#website","url":"https:\/\/www.fuso-trucks.com\/de\/","name":"FUSO Trucks Europe","description":"Mitsubishi Fuso Truck and Bus Corporation","potentialAction":[{"@type":"SearchAction","target":{"@type":"EntryPoint","urlTemplate":"https:\/\/www.fuso-trucks.com\/de\/?s={search_term_string}"},"query-input":{"@type":"PropertyValueSpecification","valueRequired":true,"valueName":"search_term_string"}}],"inLanguage":"de"}]}},"_links":{"self":[{"href":"https:\/\/www.fuso-trucks.com\/de\/wp-json\/wp\/v2\/pages\/11987","targetHints":{"allow":["GET"]}}],"collection":[{"href":"https:\/\/www.fuso-trucks.com\/de\/wp-json\/wp\/v2\/pages"}],"about":[{"href":"https:\/\/www.fuso-trucks.com\/de\/wp-json\/wp\/v2\/types\/page"}],"author":[{"embeddable":true,"href":"https:\/\/www.fuso-trucks.com\/de\/wp-json\/wp\/v2\/users\/44"}],"replies":[{"embeddable":true,"href":"https:\/\/www.fuso-trucks.com\/de\/wp-json\/wp\/v2\/comments?post=11987"}],"version-history":[{"count":35,"href":"https:\/\/www.fuso-trucks.com\/de\/wp-json\/wp\/v2\/pages\/11987\/revisions"}],"predecessor-version":[{"id":19217,"href":"https:\/\/www.fuso-trucks.com\/de\/wp-json\/wp\/v2\/pages\/11987\/revisions\/19217"}],"wp:attachment":[{"href":"https:\/\/www.fuso-trucks.com\/de\/wp-json\/wp\/v2\/media?parent=11987"}],"curies":[{"name":"wp","href":"https:\/\/api.w.org\/{rel}","templated":true}]}}